{"id":156,"date":"2022-07-22T17:57:43","date_gmt":"2022-07-22T15:57:43","guid":{"rendered":"https:\/\/antipest-sbk.de\/?page_id=156"},"modified":"2025-06-04T12:57:52","modified_gmt":"2025-06-04T10:57:52","slug":"hygiene","status":"publish","type":"page","link":"https:\/\/antipest-sbk.de\/en\/hygiene\/","title":{"rendered":"Hygiene"},"content":{"rendered":"<section class=\"wp-block-anpe-header-img header-img columns--two\"><div class=\"column--one\"><div class=\"column--one__inner\"><h2 class=\"wp-block-post-title\">Hygiene<\/h2>\n\n\n<p class=\"wp-block-anpe-anpe-text anpe-text\">Unser Unternehmen ist spezialisiert auf die Tatortreinigung und verf\u00fcgt \u00fcber das erforderliche Fachwissen und die F\u00e4higkeiten, um mit jedem Tatort umzugehen, sei es ein Unfall, ein Selbstmord, ein Mord oder eine andere Art von Gewaltverbrechen.<br><br>Wir haben die n\u00f6tige Ausr\u00fcstung und die entsprechende Ausbildung, um alle Arten von biologischen oder chemischen Gefahrenstoffen, K\u00f6rperfl\u00fcssigkeiten und Geweben zu entfernen und zu entsorgen.<\/p>\n\n\n\n<div class=\"wp-block-anpe-anpe-heading-left heading-left__head\"><h2 class=\"heading-left__heading\">Beschreibung der Hygienema\u00dfnahmen<\/h2><hr class=\"heading-left__divider anpe-divider\"\/><\/div>\n\n\n\n<p class=\"wp-block-anpe-anpe-text anpe-text\">Unser Ziel ist es, eine saubere, sichere und diskrete Umgebung wiederherzustellen, die den Angeh\u00f6rigen und Betroffenen hilft, das Ereignis zu verarbeiten und sich wieder sicher zu f\u00fchlen.<br><br>Wir nehmen unsere Arbeit sehr ernst und halten uns an strenge Sicherheits- und Hygienevorschriften, um Ihre Sicherheit und die unserer Mitarbeiter zu gew\u00e4hrleisten.<br><br>Unsere Mitarbeiter sind erfahren und geschult in der Tatortreinigung und haben die n\u00f6tige Kompetenz, um mit sensiblen Situationen umzugehen. Wir verstehen, dass die Reinigung von Tatorten sehr emotional und stressig sein kann, daher sind unsere Mitarbeiter einf\u00fchlsam, respektvoll und professionell.<br><br>Unser Angebot umfasst:<br>&#8211; Diskrete und schnelle Reaktionszeit<br>&#8211; Komplette Tatortreinigung und Entsorgung von biologischen und chemischen Gefahrenstoffen<br>&#8211; Verwendung von sicheren und effektiven Reinigungs- und Desinfektionsmitteln<br>&#8211; Zertifizierte und geschulte Mitarbeiter, die mit der notwendigen Kompetenz ausgestattet sind<br><br>Wir verstehen, dass jeder Tatort anders ist und individuelle Anforderungen erfordert. Aus diesem besichtigen wir stets die R\u00e4umlichkeiten vorab, um den Umfang der Arbeit und den genauen Preis zu ermitteln.<br><br>Wir sind stolz darauf, ein f\u00fchrender Anbieter von Tatortreinigungsdiensten zu sein und w\u00fcrden uns freuen, Ihnen bei Ihrem Anliegen zu helfen. Kontaktieren Sie uns daher unverbindlich, um einen Termin f\u00fcr eine Vor-Ort-Inspektion zu vereinbaren.<\/p>\n\n\n\n<section class=\"wp-block-anpe-cta-contact cta-contact__wrapper\"><div class=\"cta-contact__head\"><h3 class=\"cta-contact__heading\">We are happy to advise you.<\/h3><hr class=\"cta-contact__divider anpe-divider\"\/><\/div><div class=\"cta-contact__content\"><button class=\"cta-contact__button cta-contact__button--phone\"><a href=\"tel:+4991349095525\"><div class=\"cta-contact__inner\"><svg class=\"cta-contact__icon\" width=\"100%\" height=\"100%\" viewbox=\"0 0 34 34\" fill=\"none\"><rect width=\"29\" height=\"29\" fill=\"#6CAD51\"><\/rect><path fill-rule=\"evenodd\" clip-rule=\"evenodd\" d=\"M7.99917 13.0379C9.73917 16.4575 12.5425 19.2488 15.9621 21.0008L18.6204 18.3425C18.9467 18.0163 19.43 17.9075 19.8529 18.0525C21.2063 18.4996 22.6683 18.7413 24.1667 18.7413C24.8313 18.7413 25.375 19.285 25.375 19.9496V24.1667C25.375 24.8313 24.8313 25.375 24.1667 25.375C12.8204 25.375 3.625 16.1796 3.625 4.83333C3.625 4.16875 4.16875 3.625 4.83333 3.625H9.0625C9.72708 3.625 10.2708 4.16875 10.2708 4.83333C10.2708 6.34375 10.5125 7.79375 10.9596 9.14708C11.0925 9.57 10.9958 10.0413 10.6575 10.3796L7.99917 13.0379Z\" fill=\"white\"><\/path><mask id=\"mask0_392_10331\" style=\"mask-type:alpha\" maskunits=\"userSpaceOnUse\" x=\"3\" y=\"3\" width=\"23\" height=\"23\"><path fill-rule=\"evenodd\" clip-rule=\"evenodd\" d=\"M7.99917 13.0379C9.73917 16.4575 12.5425 19.2488 15.9621 21.0008L18.6204 18.3425C18.9467 18.0163 19.43 17.9075 19.8529 18.0525C21.2063 18.4996 22.6683 18.7413 24.1667 18.7413C24.8313 18.7413 25.375 19.285 25.375 19.9496V24.1667C25.375 24.8313 24.8313 25.375 24.1667 25.375C12.8204 25.375 3.625 16.1796 3.625 4.83333C3.625 4.16875 4.16875 3.625 4.83333 3.625H9.0625C9.72708 3.625 10.2708 4.16875 10.2708 4.83333C10.2708 6.34375 10.5125 7.79375 10.9596 9.14708C11.0925 9.57 10.9958 10.0413 10.6575 10.3796L7.99917 13.0379Z\" fill=\"white\"><\/path><\/mask><g mask=\"url(#mask0_392_10331)\"><rect width=\"29\" height=\"29\" fill=\"white\"><\/rect><\/g><\/svg><p class=\"cta-contact__title cta-contact__title--phone\">Phone<\/p><\/div><p class=\"cta-contact__number-displayed\">09134 &#8211; 90 95 525<\/p><\/a><\/button><button class=\"cta-contact__button cta-contact__button--mail\"><a href=\"\/en\/kontakt\/#wpcf7-f311-p152-o1\"><div class=\"cta-contact__inner\"><svg class=\"cta-contact__icon\" width=\"100%\" height=\"100%\" viewbox=\"0 0 34 34\" fill=\"none\"><path fill-rule=\"evenodd\" clip-rule=\"evenodd\" d=\"M24.1673 3.625H4.83398C2.83789 3.625 1.22107 5.25305 1.22107 7.25L1.20898 21.749C1.20898 23.7465 2.83747 25.375 4.83398 25.375H24.1673C26.1638 25.375 27.7923 23.7465 27.7923 21.75V7.25C27.7923 5.25349 26.1638 3.625 24.1673 3.625ZM6.62739 10.8746C6.05578 10.5302 5.8716 9.78762 6.21601 9.21601C6.56042 8.64441 7.30299 8.46023 7.8746 8.80463L14.4653 12.7757L21.3428 8.63186C21.9144 8.28746 22.658 8.4733 23.0024 9.04491C23.3461 9.61521 23.1646 10.3577 22.5954 10.7031L14.5129 15.6086L14.5053 15.6212L6.62739 10.8746Z\" fill=\"#DA3CD3\"><\/path><mask id=\"mask0_392_10335\" style=\"mask-type:alpha\" maskunits=\"userSpaceOnUse\" x=\"1\" y=\"3\" width=\"27\" height=\"23\"><path fill-rule=\"evenodd\" clip-rule=\"evenodd\" d=\"M24.1673 3.625H4.83398C2.83789 3.625 1.22107 5.25305 1.22107 7.25L1.20898 21.749C1.20898 23.7465 2.83747 25.375 4.83398 25.375H24.1673C26.1638 25.375 27.7923 23.7465 27.7923 21.75V7.25C27.7923 5.25349 26.1638 3.625 24.1673 3.625ZM6.62739 10.8746C6.05578 10.5302 5.8716 9.78762 6.21601 9.21601C6.56042 8.64441 7.30299 8.46023 7.8746 8.80463L14.4653 12.7757L21.3428 8.63186C21.9144 8.28746 22.658 8.4733 23.0024 9.04491C23.3461 9.61521 23.1646 10.3577 22.5954 10.7031L14.5129 15.6086L14.5053 15.6212L6.62739 10.8746Z\" fill=\"white\"><\/path><\/mask><g mask=\"url(#mask0_392_10335)\"><rect width=\"29\" height=\"29\" fill=\"white\"><\/rect><\/g><\/svg><p class=\"cta-contact__title cta-contact__title--mail\">Mail<\/p><\/div><\/a><\/button><\/div><\/section>\n\n\n\n<div class=\"wp-block-anpe-scroll-links scroll-link__wrapper\"><a href=\"#schaedlinge\" class=\"scroll-link scroll\">Pests<\/a><\/div>\n\n\n\n<div class=\"wp-block-anpe-scroll-links scroll-link__wrapper\"><a href=\"#laestlinge\" class=\"scroll-link scroll\">Nuisances<\/a><\/div>\n<\/div><\/div><div class=\"column--two\"><img decoding=\"async\" class=\"header-img__img\" src=\"https:\/\/antipest-sbk.de\/wp-content\/uploads\/2022\/10\/desinfektion-light.svg\"\/><\/div><\/section>\n\n\n\n<section class=\"wp-block-anpe-anpe-container anpe-container__wrapper\" id=\"schaedlinge\"><div class=\"anpe-container__content\">\n\n<div class=\"wp-block-anpe-anpe-heading-left heading-left__head\"><h2 class=\"heading-left__heading\">Pests<\/h2><hr class=\"heading-left__divider anpe-divider\"\/><\/div>\n\n\n<section class=\"wp-block-query is-layout-flow wp-block-query-is-layout-flow\">\n<ul class=\"wp-block-post-template is-layout-flow wp-block-post-template-is-layout-flow\"><li class=\"wp-block-post post-891 post type-post status-publish format-standard has-post-thumbnail hentry category-allgemein category-schaedlinge\">\n<figure class=\"alignwide wp-block-post-featured-image\"><a href=\"https:\/\/antipest-sbk.de\/en\/ameisen\/\" target=\"_self\"  ><img decoding=\"async\" width=\"150\" height=\"150\" src=\"https:\/\/antipest-sbk.de\/wp-content\/uploads\/2022\/10\/ameisen.svg\" class=\"attachment-post-thumbnail size-post-thumbnail wp-post-image\" alt=\"Ameisen\" style=\"object-fit:cover;\" \/><\/a><\/figure>\n<h2 class=\"wp-block-post-title\"><a href=\"https:\/\/antipest-sbk.de\/en\/ameisen\/\" target=\"_self\" >Ants<\/a><\/h2>\n<\/li><li class=\"wp-block-post post-889 post type-post status-publish format-standard has-post-thumbnail hentry category-allgemein category-schaedlinge\">\n<figure class=\"alignwide wp-block-post-featured-image\"><a href=\"https:\/\/antipest-sbk.de\/en\/bettwanzen\/\" target=\"_self\"  ><img decoding=\"async\" width=\"150\" height=\"150\" src=\"https:\/\/antipest-sbk.de\/wp-content\/uploads\/2022\/09\/bettwanzen.svg\" class=\"attachment-post-thumbnail size-post-thumbnail wp-post-image\" alt=\"Bettwanzen\" style=\"object-fit:cover;\" \/><\/a><\/figure>\n<h2 class=\"wp-block-post-title\"><a href=\"https:\/\/antipest-sbk.de\/en\/bettwanzen\/\" target=\"_self\" >Bed Bugs<\/a><\/h2>\n<\/li><li class=\"wp-block-post post-887 post type-post status-publish format-standard has-post-thumbnail hentry category-allgemein category-schaedlinge\">\n<figure class=\"alignwide wp-block-post-featured-image\"><a href=\"https:\/\/antipest-sbk.de\/en\/tier-0\/\" target=\"_self\"  ><img decoding=\"async\" width=\"150\" height=\"150\" src=\"https:\/\/antipest-sbk.de\/wp-content\/uploads\/2022\/10\/fliegen.svg\" class=\"attachment-post-thumbnail size-post-thumbnail wp-post-image\" alt=\"Fliegen\" style=\"object-fit:cover;\" \/><\/a><\/figure>\n<h2 class=\"wp-block-post-title\"><a href=\"https:\/\/antipest-sbk.de\/en\/tier-0\/\" target=\"_self\" >Flies<\/a><\/h2>\n<\/li><li class=\"wp-block-post post-1047 post type-post status-publish format-standard has-post-thumbnail hentry category-allgemein category-schaedlinge\">\n<figure class=\"alignwide wp-block-post-featured-image\"><a href=\"https:\/\/antipest-sbk.de\/en\/floehe\/\" target=\"_self\"  ><img decoding=\"async\" width=\"150\" height=\"150\" src=\"https:\/\/antipest-sbk.de\/wp-content\/uploads\/2022\/10\/floehe.svg\" class=\"attachment-post-thumbnail size-post-thumbnail wp-post-image\" alt=\"Fl\u00f6he\" style=\"object-fit:cover;\" \/><\/a><\/figure>\n<h2 class=\"wp-block-post-title\"><a href=\"https:\/\/antipest-sbk.de\/en\/floehe\/\" target=\"_self\" >Fleas<\/a><\/h2>\n<\/li><li class=\"wp-block-post post-1049 post type-post status-publish format-standard has-post-thumbnail hentry category-allgemein category-schaedlinge\">\n<figure class=\"alignwide wp-block-post-featured-image\"><a href=\"https:\/\/antipest-sbk.de\/en\/kaefer\/\" target=\"_self\"  ><img decoding=\"async\" width=\"150\" height=\"150\" src=\"https:\/\/antipest-sbk.de\/wp-content\/uploads\/2022\/10\/ruesselkaefer.svg\" class=\"attachment-post-thumbnail size-post-thumbnail wp-post-image\" alt=\"K\u00e4fer\" style=\"object-fit:cover;\" \/><\/a><\/figure>\n<h2 class=\"wp-block-post-title\"><a href=\"https:\/\/antipest-sbk.de\/en\/kaefer\/\" target=\"_self\" >Beetles<\/a><\/h2>\n<\/li><li class=\"wp-block-post post-676 post type-post status-publish format-standard has-post-thumbnail hentry category-allgemein category-schaedlinge\">\n<figure class=\"alignwide wp-block-post-featured-image\"><a href=\"https:\/\/antipest-sbk.de\/en\/maeuse\/\" target=\"_self\"  ><img decoding=\"async\" width=\"150\" height=\"150\" src=\"https:\/\/antipest-sbk.de\/wp-content\/uploads\/2022\/08\/maeuse.svg\" class=\"attachment-post-thumbnail size-post-thumbnail wp-post-image\" alt=\"M\u00e4use\" style=\"object-fit:cover;\" \/><\/a><\/figure>\n<h2 class=\"wp-block-post-title\"><a href=\"https:\/\/antipest-sbk.de\/en\/maeuse\/\" target=\"_self\" >Mice<\/a><\/h2>\n<\/li><li class=\"wp-block-post post-1051 post type-post status-publish format-standard has-post-thumbnail hentry category-allgemein category-schaedlinge\">\n<figure class=\"alignwide wp-block-post-featured-image\"><a href=\"https:\/\/antipest-sbk.de\/en\/motten\/\" target=\"_self\"  ><img decoding=\"async\" width=\"150\" height=\"150\" src=\"https:\/\/antipest-sbk.de\/wp-content\/uploads\/2022\/10\/motten.svg\" class=\"attachment-post-thumbnail size-post-thumbnail wp-post-image\" alt=\"Motten\" style=\"object-fit:cover;\" \/><\/a><\/figure>\n<h2 class=\"wp-block-post-title\"><a href=\"https:\/\/antipest-sbk.de\/en\/motten\/\" target=\"_self\" >Moths<\/a><\/h2>\n<\/li><li class=\"wp-block-post post-1053 post type-post status-publish format-standard has-post-thumbnail hentry category-allgemein category-schaedlinge\">\n<figure class=\"alignwide wp-block-post-featured-image\"><a href=\"https:\/\/antipest-sbk.de\/en\/ratten\/\" target=\"_self\"  ><img decoding=\"async\" width=\"150\" height=\"150\" src=\"https:\/\/antipest-sbk.de\/wp-content\/uploads\/2022\/10\/ratte.svg\" class=\"attachment-post-thumbnail size-post-thumbnail wp-post-image\" alt=\"Ratten\" style=\"object-fit:cover;\" \/><\/a><\/figure>\n<h2 class=\"wp-block-post-title\"><a href=\"https:\/\/antipest-sbk.de\/en\/ratten\/\" target=\"_self\" >Rats<\/a><\/h2>\n<\/li><li class=\"wp-block-post post-1055 post type-post status-publish format-standard has-post-thumbnail hentry category-allgemein category-schaedlinge\">\n<figure class=\"alignwide wp-block-post-featured-image\"><a href=\"https:\/\/antipest-sbk.de\/en\/schaben\/\" target=\"_self\"  ><img decoding=\"async\" width=\"150\" height=\"150\" src=\"https:\/\/antipest-sbk.de\/wp-content\/uploads\/2022\/08\/schaben.svg\" class=\"attachment-post-thumbnail size-post-thumbnail wp-post-image\" alt=\"Schaben\" style=\"object-fit:cover;\" \/><\/a><\/figure>\n<h2 class=\"wp-block-post-title\"><a href=\"https:\/\/antipest-sbk.de\/en\/schaben\/\" target=\"_self\" >Cockroaches<\/a><\/h2>\n<\/li><li class=\"wp-block-post post-1057 post type-post status-publish format-standard has-post-thumbnail hentry category-allgemein category-schaedlinge\">\n<figure class=\"alignwide wp-block-post-featured-image\"><a href=\"https:\/\/antipest-sbk.de\/en\/silberfische-papierfische\/\" target=\"_self\"  ><img decoding=\"async\" width=\"150\" height=\"150\" src=\"https:\/\/antipest-sbk.de\/wp-content\/uploads\/2022\/10\/silberfische.svg\" class=\"attachment-post-thumbnail size-post-thumbnail wp-post-image\" alt=\"Silberfische &#038; Papierfische\" style=\"object-fit:cover;\" \/><\/a><\/figure>\n<h2 class=\"wp-block-post-title\"><a href=\"https:\/\/antipest-sbk.de\/en\/silberfische-papierfische\/\" target=\"_self\" >Silverfish &amp; Booklice<\/a><\/h2>\n<\/li><li class=\"wp-block-post post-1061 post type-post status-publish format-standard has-post-thumbnail hentry category-allgemein category-schaedlinge\">\n<figure class=\"alignwide wp-block-post-featured-image\"><a href=\"https:\/\/antipest-sbk.de\/en\/wespen\/\" target=\"_self\"  ><img decoding=\"async\" width=\"150\" height=\"150\" src=\"https:\/\/antipest-sbk.de\/wp-content\/uploads\/2022\/10\/wespen.svg\" class=\"attachment-post-thumbnail size-post-thumbnail wp-post-image\" alt=\"Wespen\" style=\"object-fit:cover;\" \/><\/a><\/figure>\n<h2 class=\"wp-block-post-title\"><a href=\"https:\/\/antipest-sbk.de\/en\/wespen\/\" target=\"_self\" >Wasps<\/a><\/h2>\n<\/li><\/ul>\n<\/section>\n\n<\/div><\/section>\n\n\n\n<section class=\"wp-block-anpe-anpe-container anpe-container__wrapper\" id=\"laestlinge\"><div class=\"anpe-container__content\">\n\n<div class=\"wp-block-anpe-anpe-heading-left heading-left__head\"><h2 class=\"heading-left__heading\">Nuisances<\/h2><hr class=\"heading-left__divider anpe-divider\"\/><\/div>\n\n\n<section class=\"wp-block-query is-layout-flow wp-block-query-is-layout-flow\">\n<ul class=\"wp-block-post-template is-layout-flow wp-block-post-template-is-layout-flow\"><li class=\"wp-block-post post-892 post type-post status-publish format-standard has-post-thumbnail hentry category-allgemein category-laestlinge\">\n<figure class=\"alignwide wp-block-post-featured-image\"><a href=\"https:\/\/antipest-sbk.de\/en\/marder\/\" target=\"_self\"  ><img decoding=\"async\" width=\"150\" height=\"150\" src=\"https:\/\/antipest-sbk.de\/wp-content\/uploads\/2022\/10\/marder.svg\" class=\"attachment-post-thumbnail size-post-thumbnail wp-post-image\" alt=\"Marder\" style=\"object-fit:cover;\" \/><\/a><\/figure>\n<h2 class=\"wp-block-post-title\"><a href=\"https:\/\/antipest-sbk.de\/en\/marder\/\" target=\"_self\" >Marten<\/a><\/h2>\n<\/li><li class=\"wp-block-post post-195 post type-post status-publish format-standard has-post-thumbnail hentry category-allgemein category-laestlinge\">\n<figure class=\"alignwide wp-block-post-featured-image\"><a href=\"https:\/\/antipest-sbk.de\/en\/tauben-voegel\/\" target=\"_self\"  ><img decoding=\"async\" width=\"150\" height=\"150\" src=\"https:\/\/antipest-sbk.de\/wp-content\/uploads\/2022\/07\/vogel.svg\" class=\"attachment-post-thumbnail size-post-thumbnail wp-post-image\" alt=\"Tauben \/ V\u00f6gel\" style=\"object-fit:cover;\" \/><\/a><\/figure>\n<h2 class=\"wp-block-post-title\"><a href=\"https:\/\/antipest-sbk.de\/en\/tauben-voegel\/\" target=\"_self\" >Pigeons<\/a><\/h2>\n<\/li><\/ul>\n<\/section>\n\n<\/div><\/section>","protected":false},"excerpt":{"rendered":"","protected":false},"author":1,"featured_media":0,"parent":0,"menu_order":0,"comment_status":"closed","ping_status":"closed","template":"","meta":{"_acf_changed":false,"footnotes":""},"class_list":["post-156","page","type-page","status-publish","hentry"],"acf":[],"yoast_head":"<!-- This site is optimized with the Yoast SEO plugin v27.3 - https:\/\/yoast.com\/product\/yoast-seo-wordpress\/ -->\n<title>Hygiene - AntiPest<\/title>\n<meta name=\"robots\" content=\"index, follow, max-snippet:-1, max-image-preview:large, max-video-preview:-1\" \/>\n<link rel=\"canonical\" href=\"https:\/\/antipest-sbk.de\/en\/hygiene\/\" \/>\n<meta property=\"og:locale\" content=\"en_US\" \/>\n<meta property=\"og:type\" content=\"article\" \/>\n<meta property=\"og:title\" content=\"Hygiene - AntiPest\" \/>\n<meta property=\"og:url\" content=\"https:\/\/antipest-sbk.de\/en\/hygiene\/\" \/>\n<meta property=\"og:site_name\" content=\"AntiPest\" \/>\n<meta property=\"article:modified_time\" content=\"2025-06-04T10:57:52+00:00\" \/>\n<meta property=\"og:image\" content=\"https:\/\/antipest-sbk.de\/wp-content\/uploads\/2022\/10\/desinfektion-light.svg\" \/>\n<meta name=\"twitter:card\" content=\"summary_large_image\" \/>\n<meta name=\"twitter:label1\" content=\"Est. reading time\" \/>\n\t<meta name=\"twitter:data1\" content=\"6 minutes\" \/>\n<script type=\"application\/ld+json\" class=\"yoast-schema-graph\">{\"@context\":\"https:\\\/\\\/schema.org\",\"@graph\":[{\"@type\":\"WebPage\",\"@id\":\"https:\\\/\\\/antipest-sbk.de\\\/hygiene\\\/\",\"url\":\"https:\\\/\\\/antipest-sbk.de\\\/hygiene\\\/\",\"name\":\"Hygiene - AntiPest\",\"isPartOf\":{\"@id\":\"https:\\\/\\\/antipest-sbk.de\\\/#website\"},\"primaryImageOfPage\":{\"@id\":\"https:\\\/\\\/antipest-sbk.de\\\/hygiene\\\/#primaryimage\"},\"image\":{\"@id\":\"https:\\\/\\\/antipest-sbk.de\\\/hygiene\\\/#primaryimage\"},\"thumbnailUrl\":\"https:\\\/\\\/antipest-sbk.de\\\/wp-content\\\/uploads\\\/2022\\\/10\\\/desinfektion-light.svg\",\"datePublished\":\"2022-07-22T15:57:43+00:00\",\"dateModified\":\"2025-06-04T10:57:52+00:00\",\"breadcrumb\":{\"@id\":\"https:\\\/\\\/antipest-sbk.de\\\/hygiene\\\/#breadcrumb\"},\"inLanguage\":\"en-US\",\"potentialAction\":[{\"@type\":\"ReadAction\",\"target\":[\"https:\\\/\\\/antipest-sbk.de\\\/hygiene\\\/\"]}]},{\"@type\":\"ImageObject\",\"inLanguage\":\"en-US\",\"@id\":\"https:\\\/\\\/antipest-sbk.de\\\/hygiene\\\/#primaryimage\",\"url\":\"https:\\\/\\\/antipest-sbk.de\\\/wp-content\\\/uploads\\\/2022\\\/10\\\/desinfektion-light.svg\",\"contentUrl\":\"https:\\\/\\\/antipest-sbk.de\\\/wp-content\\\/uploads\\\/2022\\\/10\\\/desinfektion-light.svg\"},{\"@type\":\"BreadcrumbList\",\"@id\":\"https:\\\/\\\/antipest-sbk.de\\\/hygiene\\\/#breadcrumb\",\"itemListElement\":[{\"@type\":\"ListItem\",\"position\":1,\"name\":\"Startseite\",\"item\":\"https:\\\/\\\/antipest-sbk.de\\\/\"},{\"@type\":\"ListItem\",\"position\":2,\"name\":\"Hygiene\"}]},{\"@type\":\"WebSite\",\"@id\":\"https:\\\/\\\/antipest-sbk.de\\\/#website\",\"url\":\"https:\\\/\\\/antipest-sbk.de\\\/\",\"name\":\"AntiPest\",\"description\":\"Sch\u00e4dlingsbek\u00e4mpfung nach Ma\u00df\",\"publisher\":{\"@id\":\"https:\\\/\\\/antipest-sbk.de\\\/#organization\"},\"potentialAction\":[{\"@type\":\"SearchAction\",\"target\":{\"@type\":\"EntryPoint\",\"urlTemplate\":\"https:\\\/\\\/antipest-sbk.de\\\/?s={search_term_string}\"},\"query-input\":{\"@type\":\"PropertyValueSpecification\",\"valueRequired\":true,\"valueName\":\"search_term_string\"}}],\"inLanguage\":\"en-US\"},{\"@type\":\"Organization\",\"@id\":\"https:\\\/\\\/antipest-sbk.de\\\/#organization\",\"name\":\"AntiPest\",\"url\":\"https:\\\/\\\/antipest-sbk.de\\\/\",\"logo\":{\"@type\":\"ImageObject\",\"inLanguage\":\"en-US\",\"@id\":\"https:\\\/\\\/antipest-sbk.de\\\/#\\\/schema\\\/logo\\\/image\\\/\",\"url\":\"https:\\\/\\\/antipest-sbk.de\\\/wp-content\\\/uploads\\\/2022\\\/10\\\/logo.svg\",\"contentUrl\":\"https:\\\/\\\/antipest-sbk.de\\\/wp-content\\\/uploads\\\/2022\\\/10\\\/logo.svg\",\"width\":509,\"height\":146,\"caption\":\"AntiPest\"},\"image\":{\"@id\":\"https:\\\/\\\/antipest-sbk.de\\\/#\\\/schema\\\/logo\\\/image\\\/\"}}]}<\/script>\n<!-- \/ Yoast SEO plugin. -->","yoast_head_json":{"title":"Hygiene - AntiPest","robots":{"index":"index","follow":"follow","max-snippet":"max-snippet:-1","max-image-preview":"max-image-preview:large","max-video-preview":"max-video-preview:-1"},"canonical":"https:\/\/antipest-sbk.de\/en\/hygiene\/","og_locale":"en_US","og_type":"article","og_title":"Hygiene - AntiPest","og_url":"https:\/\/antipest-sbk.de\/en\/hygiene\/","og_site_name":"AntiPest","article_modified_time":"2025-06-04T10:57:52+00:00","og_image":[{"url":"https:\/\/antipest-sbk.de\/wp-content\/uploads\/2022\/10\/desinfektion-light.svg","type":"","width":"","height":""}],"twitter_card":"summary_large_image","twitter_misc":{"Est. reading time":"6 minutes"},"schema":{"@context":"https:\/\/schema.org","@graph":[{"@type":"WebPage","@id":"https:\/\/antipest-sbk.de\/hygiene\/","url":"https:\/\/antipest-sbk.de\/hygiene\/","name":"Hygiene - AntiPest","isPartOf":{"@id":"https:\/\/antipest-sbk.de\/#website"},"primaryImageOfPage":{"@id":"https:\/\/antipest-sbk.de\/hygiene\/#primaryimage"},"image":{"@id":"https:\/\/antipest-sbk.de\/hygiene\/#primaryimage"},"thumbnailUrl":"https:\/\/antipest-sbk.de\/wp-content\/uploads\/2022\/10\/desinfektion-light.svg","datePublished":"2022-07-22T15:57:43+00:00","dateModified":"2025-06-04T10:57:52+00:00","breadcrumb":{"@id":"https:\/\/antipest-sbk.de\/hygiene\/#breadcrumb"},"inLanguage":"en-US","potentialAction":[{"@type":"ReadAction","target":["https:\/\/antipest-sbk.de\/hygiene\/"]}]},{"@type":"ImageObject","inLanguage":"en-US","@id":"https:\/\/antipest-sbk.de\/hygiene\/#primaryimage","url":"https:\/\/antipest-sbk.de\/wp-content\/uploads\/2022\/10\/desinfektion-light.svg","contentUrl":"https:\/\/antipest-sbk.de\/wp-content\/uploads\/2022\/10\/desinfektion-light.svg"},{"@type":"BreadcrumbList","@id":"https:\/\/antipest-sbk.de\/hygiene\/#breadcrumb","itemListElement":[{"@type":"ListItem","position":1,"name":"Startseite","item":"https:\/\/antipest-sbk.de\/"},{"@type":"ListItem","position":2,"name":"Hygiene"}]},{"@type":"WebSite","@id":"https:\/\/antipest-sbk.de\/#website","url":"https:\/\/antipest-sbk.de\/","name":"AntiPest","description":"Sch\u00e4dlingsbek\u00e4mpfung nach Ma\u00df","publisher":{"@id":"https:\/\/antipest-sbk.de\/#organization"},"potentialAction":[{"@type":"SearchAction","target":{"@type":"EntryPoint","urlTemplate":"https:\/\/antipest-sbk.de\/?s={search_term_string}"},"query-input":{"@type":"PropertyValueSpecification","valueRequired":true,"valueName":"search_term_string"}}],"inLanguage":"en-US"},{"@type":"Organization","@id":"https:\/\/antipest-sbk.de\/#organization","name":"AntiPest","url":"https:\/\/antipest-sbk.de\/","logo":{"@type":"ImageObject","inLanguage":"en-US","@id":"https:\/\/antipest-sbk.de\/#\/schema\/logo\/image\/","url":"https:\/\/antipest-sbk.de\/wp-content\/uploads\/2022\/10\/logo.svg","contentUrl":"https:\/\/antipest-sbk.de\/wp-content\/uploads\/2022\/10\/logo.svg","width":509,"height":146,"caption":"AntiPest"},"image":{"@id":"https:\/\/antipest-sbk.de\/#\/schema\/logo\/image\/"}}]}},"_links":{"self":[{"href":"https:\/\/antipest-sbk.de\/en\/wp-json\/wp\/v2\/pages\/156","targetHints":{"allow":["GET"]}}],"collection":[{"href":"https:\/\/antipest-sbk.de\/en\/wp-json\/wp\/v2\/pages"}],"about":[{"href":"https:\/\/antipest-sbk.de\/en\/wp-json\/wp\/v2\/types\/page"}],"author":[{"embeddable":true,"href":"https:\/\/antipest-sbk.de\/en\/wp-json\/wp\/v2\/users\/1"}],"replies":[{"embeddable":true,"href":"https:\/\/antipest-sbk.de\/en\/wp-json\/wp\/v2\/comments?post=156"}],"version-history":[{"count":13,"href":"https:\/\/antipest-sbk.de\/en\/wp-json\/wp\/v2\/pages\/156\/revisions"}],"predecessor-version":[{"id":2230,"href":"https:\/\/antipest-sbk.de\/en\/wp-json\/wp\/v2\/pages\/156\/revisions\/2230"}],"wp:attachment":[{"href":"https:\/\/antipest-sbk.de\/en\/wp-json\/wp\/v2\/media?parent=156"}],"curies":[{"name":"wp","href":"https:\/\/api.w.org\/{rel}","templated":true}]}}