{"id":177,"date":"2022-07-22T18:00:07","date_gmt":"2022-07-22T16:00:07","guid":{"rendered":"https:\/\/antipest-sbk.de\/?page_id=177"},"modified":"2023-02-28T20:23:30","modified_gmt":"2023-02-28T19:23:30","slug":"antipest-versprechen","status":"publish","type":"page","link":"https:\/\/antipest-sbk.de\/en\/antipest-versprechen\/","title":{"rendered":"AntiPest Promise"},"content":{"rendered":"<section class=\"wp-block-anpe-anpe-container anpe-container__wrapper\" id=\"versprechen\"><div class=\"anpe-container__content\">\n<div class=\"wp-block-anpe-anpe-heading-center heading-center__head\"><h2 class=\"heading-center__heading\">The AntiPest promise<\/h2><hr class=\"heading-center__divider anpe-divider\"\/><\/div>\n\n\n\n<p class=\"wp-block-anpe-anpe-text anpe-text\"><strong>\"Our drive is people in their environment.\"<\/strong><br><br>Therefore, we attach great importance to professional, high-quality pest control with environmentally friendly, sustainable solutions. Our mission is your satisfaction!<\/p>\n\n\n\n<div class=\"wp-block-anpe-card-container\"><section class=\"card-container__wrapper\"><div class=\"card-container__content\">\n<section class=\"wp-block-anpe-full-card full-card__wrapper\"><div class=\"full-card__head\"><h3 class=\"full-card__heading\">100% discreet<\/h3><\/div><p class=\"full-card__Text\">Discretion is our top priority, which is why we always come to you in neutral vehicles. Of course we are secretive, you can rely on us!<\/p><div class=\"full-card__svg full-card__content\"><svg viewbox=\"0 0 24 24\" width=\"100%\" height=\"100%\">\n\t\t\t\t\t\t<use xlink:href=\"#diskretion\"><\/use>\n\t\t\t\t\t<\/svg><\/div><\/section>\n\n\n\n<section class=\"wp-block-anpe-full-card full-card__wrapper\"><div class=\"full-card__head\"><h3 class=\"full-card__heading\">Competence<\/h3><\/div><p class=\"full-card__Text\">As certified pest controllers, our service specialists have undergone the most demanding training. This is reflected in the satisfaction of our customers!<\/p><div class=\"full-card__svg full-card__content\"><svg viewbox=\"0 0 24 24\" width=\"100%\" height=\"100%\">\n\t\t\t\t\t\t<use xlink:href=\"#kompetenz\"><\/use>\n\t\t\t\t\t<\/svg><\/div><\/section>\n\n\n\n<section class=\"wp-block-anpe-full-card full-card__wrapper\"><div class=\"full-card__head\"><h3 class=\"full-card__heading\">We're in this together<\/h3><\/div><p class=\"full-card__Text\">We know that protecting your home or business is of the utmost importance to you. We pride ourselves on providing you with the best possible service to help you create a safe and clean environment.<\/p><div class=\"full-card__svg full-card__content\"><svg viewbox=\"0 0 24 24\" width=\"100%\" height=\"100%\">\n\t\t\t\t\t\t<use xlink:href=\"#zusammen\"><\/use>\n\t\t\t\t\t<\/svg><\/div><\/section>\n<\/div><\/section><\/div>\n<\/div><\/section>\n\n\n\n<section class=\"wp-block-anpe-anpe-container anpe-container__wrapper\" id=\"v-philosophie\"><div class=\"anpe-container__content\">\n<div class=\"wp-block-anpe-anpe-heading-left heading-left__head heading-center__head\"><h2 class=\"heading-left__heading\">Philosophy<\/h2><hr class=\"heading-left__divider anpe-divider\"\/><\/div>\n\n\n\n<p class=\"wp-block-anpe-anpe-text anpe-text\">AntiPest GmbH aims to offer the best possible service, so we always build on trustworthy and reliable cooperation.&nbsp;<\/p>\n<\/div><\/section>\n\n\n\n<section class=\"wp-block-anpe-anpe-container anpe-container__wrapper\" id=\"sauelen\"><div class=\"anpe-container__content\">\n<div class=\"wp-block-anpe-anpe-heading-left heading-left__head heading-center__head\"><h2 class=\"heading-left__heading\">5-Pillar Principle<\/h2><hr class=\"heading-left__divider anpe-divider\"\/><\/div>\n\n\n\n<p class=\"wp-block-anpe-anpe-text anpe-text\">Around the managing director, Mr. Depending on the size of the operation, Andreas Hofmann forms a powerful team of experienced professionals. They act together for your pest-free and carefree future according to our 5-pillar principle of professional pest control.<br><br><strong>Efficiency:<\/strong> We solve your pest problem quickly and effectively.&nbsp;<br><strong>Transparency:<\/strong> We discuss the causes, measures and costs in advance.&nbsp;<br><strong>Quality:<\/strong> We use the safest &amp; most environmentally friendly methods.&nbsp;<br><strong>Competence:<\/strong> We advise to avoid future pest problems as best as possible.&nbsp;<br><strong>Service:<\/strong> We ensure satisfaction throughout the entire process.&nbsp;<\/p>\n<\/div><\/section>\n\n\n\n<section class=\"wp-block-anpe-anpe-container anpe-container__wrapper d-hide\"><div class=\"anpe-container__content\">\n<div class=\"wp-block-anpe-anpe-heading-left heading-left__head\"><h2 class=\"heading-left__heading\">Mitarbeiter<\/h2><hr class=\"heading-left__divider anpe-divider\"\/><\/div>\n\n\n\n<div class=\"wp-block-anpe-card-container\"><section class=\"card-container__wrapper\"><div class=\"card-container__content\">\n<section class=\"wp-block-anpe-worker-card worker-card__wrapper\"><div class=\"worker-card__content\"><img decoding=\"async\" class=\"worker-card__img\" src=\"https:\/\/antipest-sbk.de\/wp-content\/uploads\/2022\/07\/cat-green-xxl_-Kopie-scaled.jpg\"\/><\/div><div class=\"worker-card__textwrapper\"><div class=\"worker-card__head\"><h3 class=\"worker-card__heading\">Andreas Hofmann<\/h3><\/div><p class=\"worker-card__Text\">Gesch\u00e4ftsf\u00fcher<\/p><p class=\"worker-card__TextTwo\">Texchniker<\/p><\/div><\/section>\n\n\n\n<section class=\"wp-block-anpe-worker-card worker-card__wrapper\"><div class=\"worker-card__content\"><img decoding=\"async\" class=\"worker-card__img\" src=\"https:\/\/antipest-sbk.de\/wp-content\/uploads\/2022\/07\/cat-green-xxl_-Kopie-scaled.jpg\"\/><\/div><div class=\"worker-card__textwrapper\"><div class=\"worker-card__head\"><h3 class=\"worker-card__heading\">Araya Hildrit<\/h3><\/div><p class=\"worker-card__Text\">Gesch\u00e4ftsf\u00fcher<\/p><p class=\"worker-card__TextTwo\">Texchniker<\/p><\/div><\/section>\n\n\n\n<section class=\"wp-block-anpe-worker-card worker-card__wrapper\"><div class=\"worker-card__content\"><img decoding=\"async\" class=\"worker-card__img\" src=\"https:\/\/antipest-sbk.de\/wp-content\/uploads\/2022\/07\/cat-green-xxl_-Kopie-scaled.jpg\"\/><\/div><div class=\"worker-card__textwrapper\"><div class=\"worker-card__head\"><h3 class=\"worker-card__heading\">Araya Hildrit<\/h3><\/div><p class=\"worker-card__Text\">Gesch\u00e4ftsf\u00fcher<\/p><p class=\"worker-card__TextTwo\">Texchniker<\/p><\/div><\/section>\n<\/div><\/section><\/div>\n<\/div><\/section>\n\n\n\n<section class=\"wp-block-anpe-anpe-container anpe-container__wrapper\" id=\"v-nachhaltigkeit\"><div class=\"anpe-container__content\">\n<div class=\"wp-block-anpe-anpe-heading-left heading-left__head heading-center__head\"><h2 class=\"heading-left__heading\">Sustainability<\/h2><hr class=\"heading-left__divider anpe-divider\"\/><\/div>\n\n\n\n<p class=\"wp-block-anpe-anpe-text anpe-text\">Because we want to create a carefree future for you, we think and act in an ecologically sensible manner. Removing pests effectively and in the long term is our specialty! We are always aware of the great responsibility that chemical substances are used in your work or living space for this purpose. In order to protect your health and the environment, we offer gentle, environmentally friendly pest control as an alternative to the standard methods.<br><br>\"Our drive is people in their environment.\"<\/p>\n<\/div><\/section>","protected":false},"excerpt":{"rendered":"","protected":false},"author":1,"featured_media":0,"parent":0,"menu_order":0,"comment_status":"closed","ping_status":"closed","template":"","meta":{"_acf_changed":false,"footnotes":""},"class_list":["post-177","page","type-page","status-publish","hentry"],"acf":[],"yoast_head":"<!-- This site is optimized with the Yoast SEO plugin v27.4 - https:\/\/yoast.com\/product\/yoast-seo-wordpress\/ -->\n<title>AntiPest-Versprechen - AntiPest<\/title>\n<meta name=\"robots\" content=\"index, follow, max-snippet:-1, max-image-preview:large, max-video-preview:-1\" \/>\n<link rel=\"canonical\" href=\"https:\/\/antipest-sbk.de\/en\/antipest-versprechen\/\" \/>\n<meta property=\"og:locale\" content=\"en_US\" \/>\n<meta property=\"og:type\" content=\"article\" \/>\n<meta property=\"og:title\" content=\"AntiPest-Versprechen - AntiPest\" \/>\n<meta property=\"og:url\" content=\"https:\/\/antipest-sbk.de\/en\/antipest-versprechen\/\" \/>\n<meta property=\"og:site_name\" content=\"AntiPest\" \/>\n<meta property=\"article:modified_time\" content=\"2023-02-28T19:23:30+00:00\" \/>\n<meta property=\"og:image\" content=\"https:\/\/antipest-sbk.de\/wp-content\/uploads\/2022\/07\/cat-green-xxl_-Kopie-scaled.jpg\" \/>\n<meta name=\"twitter:card\" content=\"summary_large_image\" \/>\n<meta name=\"twitter:label1\" content=\"Est. reading time\" \/>\n\t<meta name=\"twitter:data1\" content=\"3 minutes\" \/>\n<script type=\"application\/ld+json\" class=\"yoast-schema-graph\">{\"@context\":\"https:\\\/\\\/schema.org\",\"@graph\":[{\"@type\":\"WebPage\",\"@id\":\"https:\\\/\\\/antipest-sbk.de\\\/en\\\/antipest-versprechen\\\/\",\"url\":\"https:\\\/\\\/antipest-sbk.de\\\/en\\\/antipest-versprechen\\\/\",\"name\":\"AntiPest-Versprechen - AntiPest\",\"isPartOf\":{\"@id\":\"https:\\\/\\\/antipest-sbk.de\\\/#website\"},\"primaryImageOfPage\":{\"@id\":\"https:\\\/\\\/antipest-sbk.de\\\/en\\\/antipest-versprechen\\\/#primaryimage\"},\"image\":{\"@id\":\"https:\\\/\\\/antipest-sbk.de\\\/en\\\/antipest-versprechen\\\/#primaryimage\"},\"thumbnailUrl\":\"https:\\\/\\\/antipest-sbk.de\\\/wp-content\\\/uploads\\\/2022\\\/07\\\/cat-green-xxl_-Kopie-scaled.jpg\",\"datePublished\":\"2022-07-22T16:00:07+00:00\",\"dateModified\":\"2023-02-28T19:23:30+00:00\",\"breadcrumb\":{\"@id\":\"https:\\\/\\\/antipest-sbk.de\\\/en\\\/antipest-versprechen\\\/#breadcrumb\"},\"inLanguage\":\"en-US\",\"potentialAction\":[{\"@type\":\"ReadAction\",\"target\":[\"https:\\\/\\\/antipest-sbk.de\\\/en\\\/antipest-versprechen\\\/\"]}]},{\"@type\":\"ImageObject\",\"inLanguage\":\"en-US\",\"@id\":\"https:\\\/\\\/antipest-sbk.de\\\/en\\\/antipest-versprechen\\\/#primaryimage\",\"url\":\"https:\\\/\\\/antipest-sbk.de\\\/wp-content\\\/uploads\\\/2022\\\/07\\\/cat-green-xxl_-Kopie-scaled.jpg\",\"contentUrl\":\"https:\\\/\\\/antipest-sbk.de\\\/wp-content\\\/uploads\\\/2022\\\/07\\\/cat-green-xxl_-Kopie-scaled.jpg\"},{\"@type\":\"BreadcrumbList\",\"@id\":\"https:\\\/\\\/antipest-sbk.de\\\/en\\\/antipest-versprechen\\\/#breadcrumb\",\"itemListElement\":[{\"@type\":\"ListItem\",\"position\":1,\"name\":\"Startseite\",\"item\":\"https:\\\/\\\/antipest-sbk.de\\\/\"},{\"@type\":\"ListItem\",\"position\":2,\"name\":\"AntiPest-Versprechen\"}]},{\"@type\":\"WebSite\",\"@id\":\"https:\\\/\\\/antipest-sbk.de\\\/#website\",\"url\":\"https:\\\/\\\/antipest-sbk.de\\\/\",\"name\":\"AntiPest\",\"description\":\"Sch\u00e4dlingsbek\u00e4mpfung nach Ma\u00df\",\"publisher\":{\"@id\":\"https:\\\/\\\/antipest-sbk.de\\\/#organization\"},\"potentialAction\":[{\"@type\":\"SearchAction\",\"target\":{\"@type\":\"EntryPoint\",\"urlTemplate\":\"https:\\\/\\\/antipest-sbk.de\\\/?s={search_term_string}\"},\"query-input\":{\"@type\":\"PropertyValueSpecification\",\"valueRequired\":true,\"valueName\":\"search_term_string\"}}],\"inLanguage\":\"en-US\"},{\"@type\":\"Organization\",\"@id\":\"https:\\\/\\\/antipest-sbk.de\\\/#organization\",\"name\":\"AntiPest\",\"url\":\"https:\\\/\\\/antipest-sbk.de\\\/\",\"logo\":{\"@type\":\"ImageObject\",\"inLanguage\":\"en-US\",\"@id\":\"https:\\\/\\\/antipest-sbk.de\\\/#\\\/schema\\\/logo\\\/image\\\/\",\"url\":\"https:\\\/\\\/antipest-sbk.de\\\/wp-content\\\/uploads\\\/2022\\\/10\\\/logo.svg\",\"contentUrl\":\"https:\\\/\\\/antipest-sbk.de\\\/wp-content\\\/uploads\\\/2022\\\/10\\\/logo.svg\",\"width\":509,\"height\":146,\"caption\":\"AntiPest\"},\"image\":{\"@id\":\"https:\\\/\\\/antipest-sbk.de\\\/#\\\/schema\\\/logo\\\/image\\\/\"}}]}<\/script>\n<!-- \/ Yoast SEO plugin. -->","yoast_head_json":{"title":"AntiPest-Versprechen - AntiPest","robots":{"index":"index","follow":"follow","max-snippet":"max-snippet:-1","max-image-preview":"max-image-preview:large","max-video-preview":"max-video-preview:-1"},"canonical":"https:\/\/antipest-sbk.de\/en\/antipest-versprechen\/","og_locale":"en_US","og_type":"article","og_title":"AntiPest-Versprechen - AntiPest","og_url":"https:\/\/antipest-sbk.de\/en\/antipest-versprechen\/","og_site_name":"AntiPest","article_modified_time":"2023-02-28T19:23:30+00:00","og_image":[{"url":"https:\/\/antipest-sbk.de\/wp-content\/uploads\/2022\/07\/cat-green-xxl_-Kopie-scaled.jpg","type":"","width":"","height":""}],"twitter_card":"summary_large_image","twitter_misc":{"Est. reading time":"3 minutes"},"schema":{"@context":"https:\/\/schema.org","@graph":[{"@type":"WebPage","@id":"https:\/\/antipest-sbk.de\/en\/antipest-versprechen\/","url":"https:\/\/antipest-sbk.de\/en\/antipest-versprechen\/","name":"AntiPest-Versprechen - AntiPest","isPartOf":{"@id":"https:\/\/antipest-sbk.de\/#website"},"primaryImageOfPage":{"@id":"https:\/\/antipest-sbk.de\/en\/antipest-versprechen\/#primaryimage"},"image":{"@id":"https:\/\/antipest-sbk.de\/en\/antipest-versprechen\/#primaryimage"},"thumbnailUrl":"https:\/\/antipest-sbk.de\/wp-content\/uploads\/2022\/07\/cat-green-xxl_-Kopie-scaled.jpg","datePublished":"2022-07-22T16:00:07+00:00","dateModified":"2023-02-28T19:23:30+00:00","breadcrumb":{"@id":"https:\/\/antipest-sbk.de\/en\/antipest-versprechen\/#breadcrumb"},"inLanguage":"en-US","potentialAction":[{"@type":"ReadAction","target":["https:\/\/antipest-sbk.de\/en\/antipest-versprechen\/"]}]},{"@type":"ImageObject","inLanguage":"en-US","@id":"https:\/\/antipest-sbk.de\/en\/antipest-versprechen\/#primaryimage","url":"https:\/\/antipest-sbk.de\/wp-content\/uploads\/2022\/07\/cat-green-xxl_-Kopie-scaled.jpg","contentUrl":"https:\/\/antipest-sbk.de\/wp-content\/uploads\/2022\/07\/cat-green-xxl_-Kopie-scaled.jpg"},{"@type":"BreadcrumbList","@id":"https:\/\/antipest-sbk.de\/en\/antipest-versprechen\/#breadcrumb","itemListElement":[{"@type":"ListItem","position":1,"name":"Startseite","item":"https:\/\/antipest-sbk.de\/"},{"@type":"ListItem","position":2,"name":"AntiPest-Versprechen"}]},{"@type":"WebSite","@id":"https:\/\/antipest-sbk.de\/#website","url":"https:\/\/antipest-sbk.de\/","name":"AntiPest","description":"Sch\u00e4dlingsbek\u00e4mpfung nach Ma\u00df","publisher":{"@id":"https:\/\/antipest-sbk.de\/#organization"},"potentialAction":[{"@type":"SearchAction","target":{"@type":"EntryPoint","urlTemplate":"https:\/\/antipest-sbk.de\/?s={search_term_string}"},"query-input":{"@type":"PropertyValueSpecification","valueRequired":true,"valueName":"search_term_string"}}],"inLanguage":"en-US"},{"@type":"Organization","@id":"https:\/\/antipest-sbk.de\/#organization","name":"AntiPest","url":"https:\/\/antipest-sbk.de\/","logo":{"@type":"ImageObject","inLanguage":"en-US","@id":"https:\/\/antipest-sbk.de\/#\/schema\/logo\/image\/","url":"https:\/\/antipest-sbk.de\/wp-content\/uploads\/2022\/10\/logo.svg","contentUrl":"https:\/\/antipest-sbk.de\/wp-content\/uploads\/2022\/10\/logo.svg","width":509,"height":146,"caption":"AntiPest"},"image":{"@id":"https:\/\/antipest-sbk.de\/#\/schema\/logo\/image\/"}}]}},"_links":{"self":[{"href":"https:\/\/antipest-sbk.de\/en\/wp-json\/wp\/v2\/pages\/177","targetHints":{"allow":["GET"]}}],"collection":[{"href":"https:\/\/antipest-sbk.de\/en\/wp-json\/wp\/v2\/pages"}],"about":[{"href":"https:\/\/antipest-sbk.de\/en\/wp-json\/wp\/v2\/types\/page"}],"author":[{"embeddable":true,"href":"https:\/\/antipest-sbk.de\/en\/wp-json\/wp\/v2\/users\/1"}],"replies":[{"embeddable":true,"href":"https:\/\/antipest-sbk.de\/en\/wp-json\/wp\/v2\/comments?post=177"}],"version-history":[{"count":31,"href":"https:\/\/antipest-sbk.de\/en\/wp-json\/wp\/v2\/pages\/177\/revisions"}],"predecessor-version":[{"id":2227,"href":"https:\/\/antipest-sbk.de\/en\/wp-json\/wp\/v2\/pages\/177\/revisions\/2227"}],"wp:attachment":[{"href":"https:\/\/antipest-sbk.de\/en\/wp-json\/wp\/v2\/media?parent=177"}],"curies":[{"name":"wp","href":"https:\/\/api.w.org\/{rel}","templated":true}]}}